{"id":117,"date":"2016-09-26T18:17:28","date_gmt":"2016-09-26T16:17:28","guid":{"rendered":"http:\/\/mjdc.be\/upsf\/?page_id=117"},"modified":"2016-09-26T18:17:28","modified_gmt":"2016-09-26T16:17:28","slug":"bethel","status":"publish","type":"page","link":"http:\/\/mjdc.be\/upsf\/bethel\/","title":{"rendered":"Bethel"},"content":{"rendered":"<p><img loading=\"lazy\" class=\"alignnone size-full wp-image-118\" src=\"http:\/\/mjdc.be\/upsf\/wp-content\/uploads\/2016\/09\/Bethel-chapelle1_640x480_.jpg\" alt=\"bethel-chapelle1_640x480_\" width=\"640\" height=\"480\" srcset=\"http:\/\/mjdc.be\/upsf\/wp-content\/uploads\/2016\/09\/Bethel-chapelle1_640x480_.jpg 640w, http:\/\/mjdc.be\/upsf\/wp-content\/uploads\/2016\/09\/Bethel-chapelle1_640x480_-300x225.jpg 300w\" sizes=\"(max-width: 640px) 100vw, 640px\" \/><\/p>\n<p>B\u00e9thel est une maison d\u2019accueil qui appartient \u00e0 une a.s.b.l. chr\u00e9tienne.<br \/>\nL\u2019objectif de l\u2019a.s.b.l. est triple :<\/p>\n<ul>\n<li>accueillir les personnes vivant des difficult\u00e9s familiales (violences conjugales, s\u00e9paration, questionnement, crises, \u2026 &#8211; hommes ou femmes avec ou sans enfants) et cela pour une dur\u00e9e de 2 mois. Des personnes qui veulent rester plus longtemps doivent le demander au conseil d\u2019administration qui jugera de la pertinence de la demande,<\/li>\n<li>accueillir des personnes voulant vivre un temps de retraire, de repos, dans un climat de pri\u00e8re,<\/li>\n<li>accueillir des groupes pour des r\u00e9unions de formation, de cat\u00e9ch\u00e8se, de rencontres.<\/li>\n<li>La maison essaye de fonctionner comme une famille chr\u00e9tienne : partage des t\u00e2ches m\u00e9nag\u00e8res (nettoyage, repas, \u2026), \u00e9coute et entraide r\u00e9ciproque, participation aux c\u00e9l\u00e9brations des paroisses de l\u2019unit\u00e9, pri\u00e8res aux repas et \u00e0 la chapelle.<\/li>\n<\/ul>\n<p>La maison est reconnue par l\u2019Eglise. Les dons qui lui sont faits sont d\u00e9ductibles via Caritas Catholica.<\/p>\n<p>Les cur\u00e9s de Saint-Antoine et de la Sainte-Famille sont membres du Conseil d\u2019Administration.<\/p>\n<p>La maison ne vit que gr\u00e2ce \u00e0 de g\u00e9n\u00e9reux bienfaiteurs.<\/p>\n<p>Chaque dernier jeudi du mois a lieu une journ\u00e9e de pri\u00e8re (Laudes \u00e0 10h00, pic nic \u00e0 12h30, confession \u00e0 14h00 et Eucharistie \u00e0 15h00).<\/p>\n<p>Il est important de pr\u00e9ciser que si l\u2019a.s.b.l. est chr\u00e9tienne, l\u2019accueil se veut pluraliste : personne n\u2019est oblig\u00e9 de participer \u00e0 la vie de pri\u00e8re, par contre, il faut respecter celle des autres.<\/p>\n<p>Contacts :<br \/>\n<em>Chemin du Vicinal, 2 \u2013 4190 Ferri\u00e8res-Burnontige<\/em><br \/>\n<em> t\u00e9l. 086. 43 39 92<\/em><\/p>\n<p>Deux petites remarques originales :<\/p>\n<ul>\n<li>la chapelle est d\u00e9di\u00e9e \u00e0 la Sainte-Famille !<\/li>\n<li>B\u00e9thel se situe sur la commune de Ferri\u00e8res, la Province des Li\u00e8ge, la paroisse Saint-Antoine et le dioc\u00e8se de Namur-Luxembourg !<\/li>\n<\/ul>\n","protected":false},"excerpt":{"rendered":"<p>B\u00e9thel est une maison d\u2019accueil qui appartient \u00e0 une a.s.b.l. chr\u00e9tienne. L\u2019objectif de l\u2019a.s.b.l. est triple : accueillir les personnes vivant des difficult\u00e9s familiales (violences conjugales, s\u00e9paration, questionnement, crises, \u2026 &#8211; hommes ou femmes&#46;&#46;&#46;<\/p>\n","protected":false},"author":1,"featured_media":0,"parent":0,"menu_order":0,"comment_status":"closed","ping_status":"closed","template":"","meta":[],"_links":{"self":[{"href":"http:\/\/mjdc.be\/upsf\/wp-json\/wp\/v2\/pages\/117"}],"collection":[{"href":"http:\/\/mjdc.be\/upsf\/wp-json\/wp\/v2\/pages"}],"about":[{"href":"http:\/\/mjdc.be\/upsf\/wp-json\/wp\/v2\/types\/page"}],"author":[{"embeddable":true,"href":"http:\/\/mjdc.be\/upsf\/wp-json\/wp\/v2\/users\/1"}],"replies":[{"embeddable":true,"href":"http:\/\/mjdc.be\/upsf\/wp-json\/wp\/v2\/comments?post=117"}],"version-history":[{"count":1,"href":"http:\/\/mjdc.be\/upsf\/wp-json\/wp\/v2\/pages\/117\/revisions"}],"predecessor-version":[{"id":119,"href":"http:\/\/mjdc.be\/upsf\/wp-json\/wp\/v2\/pages\/117\/revisions\/119"}],"wp:attachment":[{"href":"http:\/\/mjdc.be\/upsf\/wp-json\/wp\/v2\/media?parent=117"}],"curies":[{"name":"wp","href":"https:\/\/api.w.org\/{rel}","templated":true}]}}