{"id":168,"date":"2016-09-27T19:03:53","date_gmt":"2016-09-27T17:03:53","guid":{"rendered":"http:\/\/mjdc.be\/upsf\/?page_id=168"},"modified":"2019-09-12T13:54:56","modified_gmt":"2019-09-12T11:54:56","slug":"le-conseil-de-lunite-pastorale","status":"publish","type":"page","link":"http:\/\/mjdc.be\/upsf\/le-conseil-de-lunite-pastorale\/","title":{"rendered":"Le conseil de l&rsquo;Unit\u00e9 Pastorale"},"content":{"rendered":"<ul>\n<li>Mr l&rsquo;<em>abb\u00e9 Aimable U. Rukundo<\/em>, cur\u00e9 responsable: 13 Au Clocher \u00e0 4190 Ferri\u00e8res (0488\/81.87.24, 086\/40.00.40) <a href=\"mailto:padriaimable@yahoo.com\">padriaimable@yahoo.com<\/a><\/li>\n<li><em>P\u00e8re Alexis Smets<\/em>, pr\u00eatre auxiliaire : 1 rue Joseph Huberty \u00e0 4180 Comblain-la-Tour (04\/369.32.10)<\/li>\n<li>Mr l&rsquo;<em>abb\u00e9 Jacques Vandenbosch<\/em>, pr\u00eatre auxiliaire\u00a0: 44 route de Hamoir \u00e0 4190 Xhoris (042\/57.53.48)<\/li>\n<li><em>L\u00e9on Libioul<\/em>, e.r. de Bosson : 2 chemin du Bovr\u00e8ge \u00e0 4190 Ferri\u00e8res (086\/43.37.36)<\/li>\n<li><em>Christine Monteforte-Godinas<\/em>, e.r. de Comblain-la-Tour, Fairon\u00a0: 43 rue du Chirmont \u00e0 4180 Comblain-Fairon (086\/38.80.74)<\/li>\n<li><em>Madeleine Otte<\/em>, e.r. de Ferri\u00e8res, La Rouge-Mini\u00e8re : 7 La Picherote \u00e0 4190 Ferri\u00e8res (086\/84.09.57)<\/li>\n<li><em>Claire Fournaise-Gridelet<\/em>, e.r. de Filot, Hamoir\u00a0: 47 rue du N\u00e9blon \u00e0 4180 Hamoir (086\/38.90.57)<\/li>\n<li><em>Bernadette Hamtiaux-Burette<\/em>, e.r. de Filot, Hamoir\u00a0: 2 quai du Batty \u00e0 4180 Hamoir (086\/38.90.72)<\/li>\n<li><em>Marie Claire Tribolet-Solhosse<\/em>, e.r de My, Sy, Vieuxville, Ville\u00a0: 19 Sur le Mont \u00e0 4190 My (086\/40.07.87)<\/li>\n<li><em>Alice Legrand<\/em>, e.r de Xhoris\u00a0: 5 rue Pierreux \u00e0 4190 Xhoris (04\/369.21.86)<\/li>\n<\/ul>\n","protected":false},"excerpt":{"rendered":"<p>Mr l&rsquo;abb\u00e9 Aimable U. Rukundo, cur\u00e9 responsable: 13 Au Clocher \u00e0 4190 Ferri\u00e8res (0488\/81.87.24, 086\/40.00.40) padriaimable@yahoo.com P\u00e8re Alexis Smets, pr\u00eatre auxiliaire : 1 rue Joseph Huberty \u00e0 4180 Comblain-la-Tour (04\/369.32.10) Mr l&rsquo;abb\u00e9 Jacques Vandenbosch,&#46;&#46;&#46;<\/p>\n","protected":false},"author":1,"featured_media":0,"parent":0,"menu_order":0,"comment_status":"closed","ping_status":"closed","template":"","meta":[],"_links":{"self":[{"href":"http:\/\/mjdc.be\/upsf\/wp-json\/wp\/v2\/pages\/168"}],"collection":[{"href":"http:\/\/mjdc.be\/upsf\/wp-json\/wp\/v2\/pages"}],"about":[{"href":"http:\/\/mjdc.be\/upsf\/wp-json\/wp\/v2\/types\/page"}],"author":[{"embeddable":true,"href":"http:\/\/mjdc.be\/upsf\/wp-json\/wp\/v2\/users\/1"}],"replies":[{"embeddable":true,"href":"http:\/\/mjdc.be\/upsf\/wp-json\/wp\/v2\/comments?post=168"}],"version-history":[{"count":8,"href":"http:\/\/mjdc.be\/upsf\/wp-json\/wp\/v2\/pages\/168\/revisions"}],"predecessor-version":[{"id":490,"href":"http:\/\/mjdc.be\/upsf\/wp-json\/wp\/v2\/pages\/168\/revisions\/490"}],"wp:attachment":[{"href":"http:\/\/mjdc.be\/upsf\/wp-json\/wp\/v2\/media?parent=168"}],"curies":[{"name":"wp","href":"https:\/\/api.w.org\/{rel}","templated":true}]}}