{"id":19,"date":"2016-09-26T11:56:33","date_gmt":"2016-09-26T09:56:33","guid":{"rendered":"http:\/\/mjdc.be\/sfam\/?page_id=19"},"modified":"2016-09-27T12:16:56","modified_gmt":"2016-09-27T10:16:56","slug":"ferrieres-et-la-rouge-miniere","status":"publish","type":"page","link":"http:\/\/mjdc.be\/upsf\/ferrieres-et-la-rouge-miniere\/","title":{"rendered":"Ferri\u00e8res et La Rouge-Mini\u00e8re"},"content":{"rendered":"<p><img loading=\"lazy\" class=\"size-medium wp-image-75 alignleft\" src=\"http:\/\/mjdc.be\/upsf\/wp-content\/uploads\/2016\/09\/Ferrieres-eglise5_640x480_-5717a-225x300.jpg\" alt=\"ferrieres-eglise5_640x480_-5717a\" width=\"225\" height=\"300\" srcset=\"http:\/\/mjdc.be\/upsf\/wp-content\/uploads\/2016\/09\/Ferrieres-eglise5_640x480_-5717a-225x300.jpg 225w, http:\/\/mjdc.be\/upsf\/wp-content\/uploads\/2016\/09\/Ferrieres-eglise5_640x480_-5717a.jpg 360w\" sizes=\"(max-width: 225px) 100vw, 225px\" \/>L\u2019\u00e9glise de Ferri\u00e8res d\u00e9di\u00e9e \u00e0 Saint-Martin, de style n\u00e9o-gothique, fut achev\u00e9e en 1881. Ses colonnes monolithiques sont remarquables. Le choeur a un chevet \u00e0 trois pans et est tourn\u00e9 vers l\u2019Est, symbole de r\u00e9surrection. Les orgues datent de 1914. Le mobilier, dont trois autels \u00e0 retable, la chaire de v\u00e9rit\u00e9, les confessionnaux, les bancs de communion et la balustrade du jub\u00e9, est en ch\u00eane sculpt\u00e9 avec soin par Mr\u00a0Olivier Merveille. Les vitraux datent de 1898 (I. Grosse-De Herde, de Bruges). La restauration de la toiture et de la tour est programm\u00e9e pour les mois qui viennent.<\/p>\n<p>&nbsp;<\/p>\n<p>&nbsp;<\/p>\n<p>&nbsp;<\/p>\n<p>&nbsp;<\/p>\n<p><img loading=\"lazy\" class=\"size-medium wp-image-74 alignleft\" src=\"http:\/\/mjdc.be\/upsf\/wp-content\/uploads\/2016\/09\/Rouge_Miniere-chapelle7_640x480_-300x225.jpg\" alt=\"rouge_miniere-chapelle7_640x480_\" width=\"300\" height=\"225\" srcset=\"http:\/\/mjdc.be\/upsf\/wp-content\/uploads\/2016\/09\/Rouge_Miniere-chapelle7_640x480_-300x225.jpg 300w, http:\/\/mjdc.be\/upsf\/wp-content\/uploads\/2016\/09\/Rouge_Miniere-chapelle7_640x480_.jpg 640w\" sizes=\"(max-width: 300px) 100vw, 300px\" \/>La chapelle de La Rouge-Mini\u00e8re\u00a0: c\u2019est le 6 ao\u00fbt 1944 que la Communaut\u00e9 de la Rouge- Mini\u00e8re a inaugur\u00e9 sa chapelle d\u00e9di\u00e9e \u00e0 Notre Dame de Banneux. L\u2019id\u00e9e premi\u00e8re \u00e9tait la construction d\u2019une simple chapelle votive pour l\u2019obtention d\u2019une gr\u00e2ce sp\u00e9ciale (paix, retour des prisonniers et protection des r\u00e9sistants et de la population). Pour diff\u00e9rentes raisons, c\u2019est finalement une chapelle pour le culte qui a \u00e9t\u00e9 \u00e9rig\u00e9e.<\/p>\n","protected":false},"excerpt":{"rendered":"<p>L\u2019\u00e9glise de Ferri\u00e8res d\u00e9di\u00e9e \u00e0 Saint-Martin, de style n\u00e9o-gothique, fut achev\u00e9e en 1881. Ses colonnes monolithiques sont remarquables. Le choeur a un chevet \u00e0 trois pans et est tourn\u00e9 vers l\u2019Est, symbole de r\u00e9surrection.&#46;&#46;&#46;<\/p>\n","protected":false},"author":1,"featured_media":0,"parent":0,"menu_order":0,"comment_status":"closed","ping_status":"closed","template":"","meta":[],"_links":{"self":[{"href":"http:\/\/mjdc.be\/upsf\/wp-json\/wp\/v2\/pages\/19"}],"collection":[{"href":"http:\/\/mjdc.be\/upsf\/wp-json\/wp\/v2\/pages"}],"about":[{"href":"http:\/\/mjdc.be\/upsf\/wp-json\/wp\/v2\/types\/page"}],"author":[{"embeddable":true,"href":"http:\/\/mjdc.be\/upsf\/wp-json\/wp\/v2\/users\/1"}],"replies":[{"embeddable":true,"href":"http:\/\/mjdc.be\/upsf\/wp-json\/wp\/v2\/comments?post=19"}],"version-history":[{"count":3,"href":"http:\/\/mjdc.be\/upsf\/wp-json\/wp\/v2\/pages\/19\/revisions"}],"predecessor-version":[{"id":141,"href":"http:\/\/mjdc.be\/upsf\/wp-json\/wp\/v2\/pages\/19\/revisions\/141"}],"wp:attachment":[{"href":"http:\/\/mjdc.be\/upsf\/wp-json\/wp\/v2\/media?parent=19"}],"curies":[{"name":"wp","href":"https:\/\/api.w.org\/{rel}","templated":true}]}}