{"id":36,"date":"2016-09-26T12:05:13","date_gmt":"2016-09-26T10:05:13","guid":{"rendered":"http:\/\/mjdc.be\/sfam\/?page_id=36"},"modified":"2016-09-27T12:15:15","modified_gmt":"2016-09-27T10:15:15","slug":"werbomont-bosson","status":"publish","type":"page","link":"http:\/\/mjdc.be\/upsf\/werbomont-bosson\/","title":{"rendered":"Werbomont-Bosson"},"content":{"rendered":"<p><img loading=\"lazy\" class=\"size-medium wp-image-48 alignleft\" src=\"http:\/\/mjdc.be\/upsf\/wp-content\/uploads\/2016\/09\/Bosson-eglise2_640x480_-32ccb-225x300.jpg\" alt=\"bosson-eglise2_640x480_-32ccb\" width=\"225\" height=\"300\" srcset=\"http:\/\/mjdc.be\/upsf\/wp-content\/uploads\/2016\/09\/Bosson-eglise2_640x480_-32ccb-225x300.jpg 225w, http:\/\/mjdc.be\/upsf\/wp-content\/uploads\/2016\/09\/Bosson-eglise2_640x480_-32ccb.jpg 360w\" sizes=\"(max-width: 225px) 100vw, 225px\" \/>L\u2019\u00e9glise de Bosson est d\u00e9di\u00e9e \u00e0 Saint-Donat. Sa construction fut achev\u00e9e en 1903. Elle fut consacr\u00e9e comme \u00e9glise le 16 ao\u00fbt 1952. Elle est de style n\u00e9o-gothique avec une tour occidentale, nef unique et choeur \u00e0 chevet bris\u00e9. Elle a la particularit\u00e9 d\u2019avoir un plafond en bois apparent. Au ma\u00eetre-autel, le tabernacle est orn\u00e9 du chandelier \u00e0 sept branches et des m\u00e9daillons des proph\u00e8tes Isa\u00efe, Daniel, J\u00e9r\u00e9mie et Ez\u00e9chiel.<\/p>\n","protected":false},"excerpt":{"rendered":"<p>L\u2019\u00e9glise de Bosson est d\u00e9di\u00e9e \u00e0 Saint-Donat. Sa construction fut achev\u00e9e en 1903. Elle fut consacr\u00e9e comme \u00e9glise le 16 ao\u00fbt 1952. Elle est de style n\u00e9o-gothique avec une tour occidentale, nef unique et&#46;&#46;&#46;<\/p>\n","protected":false},"author":1,"featured_media":0,"parent":0,"menu_order":0,"comment_status":"closed","ping_status":"closed","template":"","meta":[],"_links":{"self":[{"href":"http:\/\/mjdc.be\/upsf\/wp-json\/wp\/v2\/pages\/36"}],"collection":[{"href":"http:\/\/mjdc.be\/upsf\/wp-json\/wp\/v2\/pages"}],"about":[{"href":"http:\/\/mjdc.be\/upsf\/wp-json\/wp\/v2\/types\/page"}],"author":[{"embeddable":true,"href":"http:\/\/mjdc.be\/upsf\/wp-json\/wp\/v2\/users\/1"}],"replies":[{"embeddable":true,"href":"http:\/\/mjdc.be\/upsf\/wp-json\/wp\/v2\/comments?post=36"}],"version-history":[{"count":3,"href":"http:\/\/mjdc.be\/upsf\/wp-json\/wp\/v2\/pages\/36\/revisions"}],"predecessor-version":[{"id":146,"href":"http:\/\/mjdc.be\/upsf\/wp-json\/wp\/v2\/pages\/36\/revisions\/146"}],"wp:attachment":[{"href":"http:\/\/mjdc.be\/upsf\/wp-json\/wp\/v2\/media?parent=36"}],"curies":[{"name":"wp","href":"https:\/\/api.w.org\/{rel}","templated":true}]}}