{"id":98,"date":"2016-09-26T17:49:01","date_gmt":"2016-09-26T15:49:01","guid":{"rendered":"http:\/\/mjdc.be\/upsf\/?page_id=98"},"modified":"2019-09-12T13:52:19","modified_gmt":"2019-09-12T11:52:19","slug":"lequipe-pastorale","status":"publish","type":"page","link":"http:\/\/mjdc.be\/upsf\/lequipe-pastorale\/","title":{"rendered":"L&rsquo;\u00e9quipe pastorale"},"content":{"rendered":"<ul>\n<li><em>Mr\u00a0l\u2019abb\u00e9 Aimable U. Rukundo<\/em>, cur\u00e9 responsable de l\u2019Unit\u00e9 Pastorale, (GSM : 0488\/81.87.24)\u00a0photographi\u00e9 ici \u00e0 c\u00f4t\u00e9 de Genevi\u00e8ve et Henri Wittorski, avec qui il collabore au service dioc\u00e9sain des couples et des familles.<img loading=\"lazy\" class=\"size-medium wp-image-99 aligncenter\" src=\"http:\/\/mjdc.be\/upsf\/wp-content\/uploads\/2016\/09\/cpm-1b23e-300x224.png\" alt=\"cpm-1b23e\" width=\"300\" height=\"224\" srcset=\"http:\/\/mjdc.be\/upsf\/wp-content\/uploads\/2016\/09\/cpm-1b23e-300x224.png 300w, http:\/\/mjdc.be\/upsf\/wp-content\/uploads\/2016\/09\/cpm-1b23e.png 472w\" sizes=\"(max-width: 300px) 100vw, 300px\" \/><\/li>\n<li><em>Le p\u00e8re Alexis Smets<\/em>, pr\u00eatre auxiliaire, rue Huberty , 1 \u00e0 4180 Comblain-la-Tour (04 369 32 10)<img loading=\"lazy\" class=\"size-medium wp-image-102 aligncenter\" src=\"http:\/\/mjdc.be\/upsf\/wp-content\/uploads\/2016\/09\/Pere_Alexis-d03fc-284x300.jpg\" alt=\"pere_alexis-d03fc\" width=\"284\" height=\"300\" srcset=\"http:\/\/mjdc.be\/upsf\/wp-content\/uploads\/2016\/09\/Pere_Alexis-d03fc-284x300.jpg 284w, http:\/\/mjdc.be\/upsf\/wp-content\/uploads\/2016\/09\/Pere_Alexis-d03fc.jpg 400w\" sizes=\"(max-width: 284px) 100vw, 284px\" \/><\/li>\n<li><em>Mr\u00a0l\u2019abb\u00e9 Jacques Vandenbosch,<\/em> pr\u00eatre auxiliaire, habite Xhoris<img loading=\"lazy\" class=\"size-medium wp-image-101 aligncenter\" src=\"http:\/\/mjdc.be\/upsf\/wp-content\/uploads\/2016\/09\/jacques_vandenbosch-b2cd5-225x300.jpg\" alt=\"jacques_vandenbosch-b2cd5\" width=\"225\" height=\"300\" srcset=\"http:\/\/mjdc.be\/upsf\/wp-content\/uploads\/2016\/09\/jacques_vandenbosch-b2cd5-225x300.jpg 225w, http:\/\/mjdc.be\/upsf\/wp-content\/uploads\/2016\/09\/jacques_vandenbosch-b2cd5.jpg 480w\" sizes=\"(max-width: 225px) 100vw, 225px\" \/><\/li>\n<\/ul>\n","protected":false},"excerpt":{"rendered":"<p>Mr\u00a0l\u2019abb\u00e9 Aimable U. Rukundo, cur\u00e9 responsable de l\u2019Unit\u00e9 Pastorale, (GSM : 0488\/81.87.24)\u00a0photographi\u00e9 ici \u00e0 c\u00f4t\u00e9 de Genevi\u00e8ve et Henri Wittorski, avec qui il collabore au service dioc\u00e9sain des couples et des familles. Le p\u00e8re&#46;&#46;&#46;<\/p>\n","protected":false},"author":1,"featured_media":0,"parent":0,"menu_order":0,"comment_status":"closed","ping_status":"closed","template":"","meta":[],"_links":{"self":[{"href":"http:\/\/mjdc.be\/upsf\/wp-json\/wp\/v2\/pages\/98"}],"collection":[{"href":"http:\/\/mjdc.be\/upsf\/wp-json\/wp\/v2\/pages"}],"about":[{"href":"http:\/\/mjdc.be\/upsf\/wp-json\/wp\/v2\/types\/page"}],"author":[{"embeddable":true,"href":"http:\/\/mjdc.be\/upsf\/wp-json\/wp\/v2\/users\/1"}],"replies":[{"embeddable":true,"href":"http:\/\/mjdc.be\/upsf\/wp-json\/wp\/v2\/comments?post=98"}],"version-history":[{"count":11,"href":"http:\/\/mjdc.be\/upsf\/wp-json\/wp\/v2\/pages\/98\/revisions"}],"predecessor-version":[{"id":488,"href":"http:\/\/mjdc.be\/upsf\/wp-json\/wp\/v2\/pages\/98\/revisions\/488"}],"wp:attachment":[{"href":"http:\/\/mjdc.be\/upsf\/wp-json\/wp\/v2\/media?parent=98"}],"curies":[{"name":"wp","href":"https:\/\/api.w.org\/{rel}","templated":true}]}}