{"id":12,"date":"2016-09-26T11:21:40","date_gmt":"2016-09-26T09:21:40","guid":{"rendered":"http:\/\/mjdc.be\/sfam\/?page_id=12"},"modified":"2016-09-27T12:08:45","modified_gmt":"2016-09-27T10:08:45","slug":"fairon-eglise-st-martin","status":"publish","type":"page","link":"https:\/\/mjdc.be\/upsf\/fairon-eglise-st-martin\/","title":{"rendered":"Fairon"},"content":{"rendered":"<p><em><img loading=\"lazy\" class=\"size-medium wp-image-77 alignleft\" src=\"http:\/\/mjdc.be\/upsf\/wp-content\/uploads\/2016\/09\/Fairon-eglise2_640x480_-300x225.jpg\" alt=\"fairon-eglise2_640x480_\" width=\"300\" height=\"225\" srcset=\"https:\/\/mjdc.be\/upsf\/wp-content\/uploads\/2016\/09\/Fairon-eglise2_640x480_-300x225.jpg 300w, https:\/\/mjdc.be\/upsf\/wp-content\/uploads\/2016\/09\/Fairon-eglise2_640x480_.jpg 640w\" sizes=\"(max-width: 300px) 100vw, 300px\" \/>saint Martin<\/em>, fut jadis romane. Menac\u00e9e de ruine, elle fut reb\u00e2tie en 1870-1872. De style ogival, on peut voir deux rang\u00e9es de colonnes cylindriques en pierre divisant le vaisseau en trois nefs \u00e9clair\u00e9es par des baies garnies de vitraux.<\/p>\n","protected":false},"excerpt":{"rendered":"<p>saint Martin, fut jadis romane. Menac\u00e9e de ruine, elle fut reb\u00e2tie en 1870-1872. De style ogival, on peut voir deux rang\u00e9es de colonnes cylindriques en pierre divisant le vaisseau en trois nefs \u00e9clair\u00e9es par&#46;&#46;&#46;<\/p>\n","protected":false},"author":1,"featured_media":0,"parent":0,"menu_order":0,"comment_status":"closed","ping_status":"closed","template":"","meta":[],"_links":{"self":[{"href":"https:\/\/mjdc.be\/upsf\/wp-json\/wp\/v2\/pages\/12"}],"collection":[{"href":"https:\/\/mjdc.be\/upsf\/wp-json\/wp\/v2\/pages"}],"about":[{"href":"https:\/\/mjdc.be\/upsf\/wp-json\/wp\/v2\/types\/page"}],"author":[{"embeddable":true,"href":"https:\/\/mjdc.be\/upsf\/wp-json\/wp\/v2\/users\/1"}],"replies":[{"embeddable":true,"href":"https:\/\/mjdc.be\/upsf\/wp-json\/wp\/v2\/comments?post=12"}],"version-history":[{"count":4,"href":"https:\/\/mjdc.be\/upsf\/wp-json\/wp\/v2\/pages\/12\/revisions"}],"predecessor-version":[{"id":140,"href":"https:\/\/mjdc.be\/upsf\/wp-json\/wp\/v2\/pages\/12\/revisions\/140"}],"wp:attachment":[{"href":"https:\/\/mjdc.be\/upsf\/wp-json\/wp\/v2\/media?parent=12"}],"curies":[{"name":"wp","href":"https:\/\/api.w.org\/{rel}","templated":true}]}}