{"id":120,"date":"2016-09-26T18:19:34","date_gmt":"2016-09-26T16:19:34","guid":{"rendered":"http:\/\/mjdc.be\/upsf\/?page_id=120"},"modified":"2016-09-26T18:27:29","modified_gmt":"2016-09-26T16:27:29","slug":"saint-vincent-de-paul","status":"publish","type":"page","link":"https:\/\/mjdc.be\/upsf\/saint-vincent-de-paul\/","title":{"rendered":"Saint-Vincent de Paul"},"content":{"rendered":"<p><strong>Que font les vincentiens ?<\/strong><\/p>\n<p>La charit\u00e9 vincentienne se donne pour mission d\u2019essayer d\u2019offrir \u00e0 chacun une dignit\u00e9 retrouv\u00e9e, un nouveau d\u00e9part, un nouvel avenir.<\/p>\n<p>C\u2019est, pensons-nous, la chose la plus heureuse qui puisse arriver \u00e0 ceux qui, pour le moment, ont besoin de notre soutien.<\/p>\n<p>Une charit\u00e9 qui vise avant tout \u00e0 briser un engrenage tant physique que moral, dans lequel tombent souvent les plus d\u00e9favoris\u00e9s et qui peut hypoth\u00e9quer leur vie enti\u00e8re.<br \/>\nFace \u00e0 leurs difficult\u00e9s quotidiennes, les d\u00e9munis ne connaissent pas de tr\u00eave ni d\u2019\u00e9claircie dans leur vie. Certains, vu leur \u00e2ge, ne peuvent pas esp\u00e9rer d\u2019am\u00e9lioration, il n\u2019y a pas d\u2019emploi pour eux. Ils vivent sur la corde raide en ayant la hantise des impr\u00e9vus, de la maladie.<\/p>\n<ul>\n<li>R\u00e9serve de vaisselle\u2026 bibelots\u2026.<\/li>\n<li>Trier les jouets, les rafistoler, les compl\u00e9ter, les laver,<img loading=\"lazy\" class=\"size-medium wp-image-127 alignleft\" src=\"http:\/\/mjdc.be\/upsf\/wp-content\/uploads\/2016\/09\/stvincent03-site-300x225.jpg\" alt=\"stvincent03-site\" width=\"300\" height=\"225\" srcset=\"https:\/\/mjdc.be\/upsf\/wp-content\/uploads\/2016\/09\/stvincent03-site-300x225.jpg 300w, https:\/\/mjdc.be\/upsf\/wp-content\/uploads\/2016\/09\/stvincent03-site.jpg 600w\" sizes=\"(max-width: 300px) 100vw, 300px\" \/> <img loading=\"lazy\" class=\"size-medium wp-image-128 alignleft\" src=\"http:\/\/mjdc.be\/upsf\/wp-content\/uploads\/2016\/09\/stvincent02-site-300x225.jpg\" alt=\"stvincent02-site\" width=\"300\" height=\"225\" srcset=\"https:\/\/mjdc.be\/upsf\/wp-content\/uploads\/2016\/09\/stvincent02-site-300x225.jpg 300w, https:\/\/mjdc.be\/upsf\/wp-content\/uploads\/2016\/09\/stvincent02-site.jpg 600w\" sizes=\"(max-width: 300px) 100vw, 300px\" \/><\/li>\n<li>v\u00e9rifier le nombre de pi\u00e8ces des puzzles,<\/li>\n<li>Laver, coiffer les poup\u00e9es et lessiver leurs habits,<\/li>\n<li>Trier les v\u00eatements, jeter ceux qui sont sales, d\u00e9chir\u00e9s, indignes pour les d\u00e9munis, ceux-ci ont droit au respect !!!<br \/>\nLes ranger par genre, par taille, par saison.<\/li>\n<\/ul>\n<p>Distribution de vivres.<\/p>\n<p>Gestion des marchandises.<\/p>\n<p>Composition des colis au vu de ce qui est fourni par la Banque alimentaire, de la g\u00e9n\u00e9rosit\u00e9 de certaines personnes et ce que la conf\u00e9rence doit acheter.<\/p>\n<p>Petit d\u00e9jeuner \u00e0 Hamoir au profit de la conf\u00e9rence.<\/p>\n","protected":false},"excerpt":{"rendered":"<p>Que font les vincentiens ? La charit\u00e9 vincentienne se donne pour mission d\u2019essayer d\u2019offrir \u00e0 chacun une dignit\u00e9 retrouv\u00e9e, un nouveau d\u00e9part, un nouvel avenir. C\u2019est, pensons-nous, la chose la plus heureuse qui puisse&#46;&#46;&#46;<\/p>\n","protected":false},"author":1,"featured_media":0,"parent":0,"menu_order":0,"comment_status":"closed","ping_status":"closed","template":"","meta":[],"_links":{"self":[{"href":"https:\/\/mjdc.be\/upsf\/wp-json\/wp\/v2\/pages\/120"}],"collection":[{"href":"https:\/\/mjdc.be\/upsf\/wp-json\/wp\/v2\/pages"}],"about":[{"href":"https:\/\/mjdc.be\/upsf\/wp-json\/wp\/v2\/types\/page"}],"author":[{"embeddable":true,"href":"https:\/\/mjdc.be\/upsf\/wp-json\/wp\/v2\/users\/1"}],"replies":[{"embeddable":true,"href":"https:\/\/mjdc.be\/upsf\/wp-json\/wp\/v2\/comments?post=120"}],"version-history":[{"count":3,"href":"https:\/\/mjdc.be\/upsf\/wp-json\/wp\/v2\/pages\/120\/revisions"}],"predecessor-version":[{"id":130,"href":"https:\/\/mjdc.be\/upsf\/wp-json\/wp\/v2\/pages\/120\/revisions\/130"}],"wp:attachment":[{"href":"https:\/\/mjdc.be\/upsf\/wp-json\/wp\/v2\/media?parent=120"}],"curies":[{"name":"wp","href":"https:\/\/api.w.org\/{rel}","templated":true}]}}