{"id":23,"date":"2016-09-26T11:58:21","date_gmt":"2016-09-26T09:58:21","guid":{"rendered":"http:\/\/mjdc.be\/sfam\/?page_id=23"},"modified":"2016-09-26T17:37:06","modified_gmt":"2016-09-26T15:37:06","slug":"hamoir-et-xhignesse","status":"publish","type":"page","link":"https:\/\/mjdc.be\/upsf\/hamoir-et-xhignesse\/","title":{"rendered":"Hamoir et Xhignesse"},"content":{"rendered":"<p><img loading=\"lazy\" class=\"size-medium wp-image-70 alignleft\" src=\"http:\/\/mjdc.be\/upsf\/wp-content\/uploads\/2016\/09\/Hamoir-2eca1-225x300.jpg\" alt=\"hamoir-2eca1\" width=\"225\" height=\"300\" \/>L\u2019\u00e9glise de Hamoir d\u00e9di\u00e9e \u00e0 la Vierge Marie, a \u00e9t\u00e9 consacr\u00e9e le 24 juillet 1871. Elle se dresse fi\u00e8rement dans un cadre auquel elle s\u2019harmonise de fa\u00e7on parfaite. A l\u2019int\u00e9rieur de l\u2019\u00e9glise, deux tableaux sont habituellement attribu\u00e9s \u00e0 Gilles Del\u2019Cour, fr\u00e8re de Jean. L\u2019un repr\u00e9sente le bapt\u00eame de J\u00e9sus par Jean-Baptiste. L\u2019autre repr\u00e9sente la Vierge Marie. L\u2019\u00e9glise poss\u00e8de aussi, du c\u00e9l\u00e8bre sculpteur Jean Del\u2019Cour, une porte de tabernacle. Dans le choeur, une fresque repr\u00e9sente une multitude de saints qui ont marqu\u00e9, chacun \u00e0 leur mani\u00e8re, la riche histoire de notre r\u00e9gion.<\/p>\n<p>&nbsp;<\/p>\n<p>&nbsp;<\/p>\n<p>&nbsp;<\/p>\n<p>&nbsp;<\/p>\n<p><img loading=\"lazy\" class=\"size-medium wp-image-69 alignleft\" src=\"http:\/\/mjdc.be\/upsf\/wp-content\/uploads\/2016\/09\/Xhignesse-eglise16_640x480_-e9ac1-225x300.jpg\" alt=\"xhignesse-eglise16_640x480_-e9ac1\" width=\"225\" height=\"300\" srcset=\"https:\/\/mjdc.be\/upsf\/wp-content\/uploads\/2016\/09\/Xhignesse-eglise16_640x480_-e9ac1-225x300.jpg 225w, https:\/\/mjdc.be\/upsf\/wp-content\/uploads\/2016\/09\/Xhignesse-eglise16_640x480_-e9ac1.jpg 360w\" sizes=\"(max-width: 225px) 100vw, 225px\" \/>L\u2019\u00e9glise de Xhignesse\u00a0: b\u00e2tie en calcaire de l\u2019endroit, cette \u00e9glise romane appartient \u00e0 l\u2019architecture mosane, influenc\u00e9e fortement par le rh\u00e9nan. Elle serait du XII\u00e8me si\u00e8cle (entre 1100 et 1150). L\u2019\u00e9glise de Xhignesse est l\u2019\u00e9glise-m\u00e8re de la plupart de nos paroisses. C\u2019est de l\u00e0 qu\u2019est partie l\u2019\u00e9vang\u00e9lisation de notre r\u00e9gion par les moines de Stavelot. Sa beaut\u00e9 et le climat de pri\u00e8re qui y r\u00e8gnent nous invitent au d\u00e9tour. Elle fait partie du patrimoine majeur de Wallonie et c\u2019est la seule \u00e9glise rurale dans ce cas. Elle est toujours ouverte en journ\u00e9e.<\/p>\n<p>&nbsp;<\/p>\n<p>&nbsp;<\/p>\n<p>&nbsp;<\/p>\n<p>&nbsp;<\/p>\n<p>&nbsp;<\/p>\n<p><img loading=\"lazy\" class=\"size-medium wp-image-68 alignleft\" src=\"http:\/\/mjdc.be\/upsf\/wp-content\/uploads\/2016\/09\/Lassus-chapelle6_640x480_-12b69-225x300.jpg\" alt=\"lassus-chapelle6_640x480_-12b69\" width=\"225\" height=\"300\" srcset=\"https:\/\/mjdc.be\/upsf\/wp-content\/uploads\/2016\/09\/Lassus-chapelle6_640x480_-12b69-225x300.jpg 225w, https:\/\/mjdc.be\/upsf\/wp-content\/uploads\/2016\/09\/Lassus-chapelle6_640x480_-12b69.jpg 360w\" sizes=\"(max-width: 225px) 100vw, 225px\" \/>La chapelle de Hamoir-Lassus est signal\u00e9e \u00e0 Lassus en 1396. En 1633, une chapelle fut fond\u00e9e dans l\u2019ancien ch\u00e2teau. Tomb\u00e9e en ruine, elle fut reconstruite gr\u00e2ce \u00e0 la g\u00e9n\u00e9rosit\u00e9 des ch\u00e2telains, en 1847. Elle est d\u00e9di\u00e9e \u00e0 saint Pierre et saint Paul. A l\u2019int\u00e9rieur de la chapelle, on peut admirer deux pierres tombales dont l\u2019une comporte de magnifiques gisants et des blasons jadis polychromes. .<\/p>\n","protected":false},"excerpt":{"rendered":"<p>L\u2019\u00e9glise de Hamoir d\u00e9di\u00e9e \u00e0 la Vierge Marie, a \u00e9t\u00e9 consacr\u00e9e le 24 juillet 1871. Elle se dresse fi\u00e8rement dans un cadre auquel elle s\u2019harmonise de fa\u00e7on parfaite. A l\u2019int\u00e9rieur de l\u2019\u00e9glise, deux tableaux&#46;&#46;&#46;<\/p>\n","protected":false},"author":1,"featured_media":0,"parent":0,"menu_order":0,"comment_status":"closed","ping_status":"closed","template":"","meta":[],"_links":{"self":[{"href":"https:\/\/mjdc.be\/upsf\/wp-json\/wp\/v2\/pages\/23"}],"collection":[{"href":"https:\/\/mjdc.be\/upsf\/wp-json\/wp\/v2\/pages"}],"about":[{"href":"https:\/\/mjdc.be\/upsf\/wp-json\/wp\/v2\/types\/page"}],"author":[{"embeddable":true,"href":"https:\/\/mjdc.be\/upsf\/wp-json\/wp\/v2\/users\/1"}],"replies":[{"embeddable":true,"href":"https:\/\/mjdc.be\/upsf\/wp-json\/wp\/v2\/comments?post=23"}],"version-history":[{"count":5,"href":"https:\/\/mjdc.be\/upsf\/wp-json\/wp\/v2\/pages\/23\/revisions"}],"predecessor-version":[{"id":92,"href":"https:\/\/mjdc.be\/upsf\/wp-json\/wp\/v2\/pages\/23\/revisions\/92"}],"wp:attachment":[{"href":"https:\/\/mjdc.be\/upsf\/wp-json\/wp\/v2\/media?parent=23"}],"curies":[{"name":"wp","href":"https:\/\/api.w.org\/{rel}","templated":true}]}}