{"id":32,"date":"2016-09-26T12:04:04","date_gmt":"2016-09-26T10:04:04","guid":{"rendered":"http:\/\/mjdc.be\/sfam\/?page_id=32"},"modified":"2016-09-27T12:14:45","modified_gmt":"2016-09-27T10:14:45","slug":"vieuxville-sy","status":"publish","type":"page","link":"https:\/\/mjdc.be\/upsf\/vieuxville-sy\/","title":{"rendered":"Vieuxville-Sy"},"content":{"rendered":"<p><img loading=\"lazy\" class=\"size-medium wp-image-51 alignleft\" src=\"http:\/\/mjdc.be\/upsf\/wp-content\/uploads\/2016\/09\/Vieuxville-eglise6_640x480_-6d892-225x300.jpg\" alt=\"vieuxville-eglise6_640x480_-6d892\" width=\"225\" height=\"300\" srcset=\"https:\/\/mjdc.be\/upsf\/wp-content\/uploads\/2016\/09\/Vieuxville-eglise6_640x480_-6d892-225x300.jpg 225w, https:\/\/mjdc.be\/upsf\/wp-content\/uploads\/2016\/09\/Vieuxville-eglise6_640x480_-6d892.jpg 360w\" sizes=\"(max-width: 225px) 100vw, 225px\" \/>L\u2019\u00e9glise de Vieuxville, n\u00e9o-romane a \u00e9t\u00e9 construite au XIXe si\u00e8cle, pour remplacer l\u2019ancienne \u00e9glise romane qui mena\u00e7ait ruines. Le choeur de l\u2019ancienne \u00e9glise existe toujours dans l\u2019actuel cimeti\u00e8re et comporte des fresques du XVIIe si\u00e8cle.<\/p>\n<p>&nbsp;<\/p>\n<p>&nbsp;<\/p>\n<p>&nbsp;<\/p>\n<p>&nbsp;<\/p>\n<p>&nbsp;<\/p>\n<p>&nbsp;<\/p>\n<p><img loading=\"lazy\" class=\"size-medium wp-image-50 alignleft\" src=\"http:\/\/mjdc.be\/upsf\/wp-content\/uploads\/2016\/09\/Sy-chapelle4_640x480_-d733f-225x300.jpg\" alt=\"sy-chapelle4_640x480_-d733f\" width=\"225\" height=\"300\" srcset=\"https:\/\/mjdc.be\/upsf\/wp-content\/uploads\/2016\/09\/Sy-chapelle4_640x480_-d733f-225x300.jpg 225w, https:\/\/mjdc.be\/upsf\/wp-content\/uploads\/2016\/09\/Sy-chapelle4_640x480_-d733f.jpg 360w\" sizes=\"(max-width: 225px) 100vw, 225px\" \/>La chapelle de Sy, d\u00e9di\u00e9e \u00e0 Notre-Dame de Lourdes, inspira beaucoup de peintres, dont Richard Heintz. Elle fut construite en moellons de calcaire en 1872. A l\u2019int\u00e9rieur, vous pouvez admirer un b\u00e9nitier et un tabernacle du XVIII\u00e8me si\u00e8cle. A l\u2019ext\u00e9rieur, au creux d\u2019un rocher, se trouve une statue de Notre-Dame de Lourdes.<\/p>\n<p style=\"text-align: center;\"><em>Blottie sous les vieux ch\u00eanes<\/em><br \/>\n<em> La chapelle vous accueille<\/em><br \/>\n<em> H\u00e9ritage de nos a\u00efeux,<\/em><br \/>\n<em> O\u00f9 peut-on \u00eatre mieux<\/em><br \/>\n<em> Que chez elle pour prier Dieu\u00a0?<\/em><\/p>\n","protected":false},"excerpt":{"rendered":"<p>L\u2019\u00e9glise de Vieuxville, n\u00e9o-romane a \u00e9t\u00e9 construite au XIXe si\u00e8cle, pour remplacer l\u2019ancienne \u00e9glise romane qui mena\u00e7ait ruines. Le choeur de l\u2019ancienne \u00e9glise existe toujours dans l\u2019actuel cimeti\u00e8re et comporte des fresques du XVIIe&#46;&#46;&#46;<\/p>\n","protected":false},"author":1,"featured_media":0,"parent":0,"menu_order":0,"comment_status":"closed","ping_status":"closed","template":"","meta":[],"_links":{"self":[{"href":"https:\/\/mjdc.be\/upsf\/wp-json\/wp\/v2\/pages\/32"}],"collection":[{"href":"https:\/\/mjdc.be\/upsf\/wp-json\/wp\/v2\/pages"}],"about":[{"href":"https:\/\/mjdc.be\/upsf\/wp-json\/wp\/v2\/types\/page"}],"author":[{"embeddable":true,"href":"https:\/\/mjdc.be\/upsf\/wp-json\/wp\/v2\/users\/1"}],"replies":[{"embeddable":true,"href":"https:\/\/mjdc.be\/upsf\/wp-json\/wp\/v2\/comments?post=32"}],"version-history":[{"count":7,"href":"https:\/\/mjdc.be\/upsf\/wp-json\/wp\/v2\/pages\/32\/revisions"}],"predecessor-version":[{"id":145,"href":"https:\/\/mjdc.be\/upsf\/wp-json\/wp\/v2\/pages\/32\/revisions\/145"}],"wp:attachment":[{"href":"https:\/\/mjdc.be\/upsf\/wp-json\/wp\/v2\/media?parent=32"}],"curies":[{"name":"wp","href":"https:\/\/api.w.org\/{rel}","templated":true}]}}