{"id":38,"date":"2016-09-26T12:05:46","date_gmt":"2016-09-26T10:05:46","guid":{"rendered":"http:\/\/mjdc.be\/sfam\/?page_id=38"},"modified":"2016-09-27T12:15:37","modified_gmt":"2016-09-27T10:15:37","slug":"xhoris","status":"publish","type":"page","link":"https:\/\/mjdc.be\/upsf\/xhoris\/","title":{"rendered":"Xhoris"},"content":{"rendered":"<p><img loading=\"lazy\" class=\"size-medium wp-image-45 alignleft\" src=\"http:\/\/mjdc.be\/upsf\/wp-content\/uploads\/2016\/09\/Xhoris-eglise4_640x480_-1c5fb-225x300.jpg\" alt=\"xhoris-eglise4_640x480_-1c5fb\" width=\"225\" height=\"300\" srcset=\"https:\/\/mjdc.be\/upsf\/wp-content\/uploads\/2016\/09\/Xhoris-eglise4_640x480_-1c5fb-225x300.jpg 225w, https:\/\/mjdc.be\/upsf\/wp-content\/uploads\/2016\/09\/Xhoris-eglise4_640x480_-1c5fb.jpg 360w\" sizes=\"(max-width: 225px) 100vw, 225px\" \/>L\u2019\u00e9glise de Xhoris d\u00e9di\u00e9e \u00e0 Saint-Martin date de 1831. Elle pr\u00e9sente un plan peu commun dans la r\u00e9gion dict\u00e9 par le style empire napol\u00e9onien s\u2019inspirant de l\u2019antiquit\u00e9 romaine et de la renaissance italienne. Dans le ch\u0153ur, on peut remarquer quatre angelots dans le style de Del\u2019Cour, la porte du tabernacle en cuivre dor\u00e9, la nouvelle cuve baptismale et le Christ en croix d\u2019Alexandre de Tombay (1831).<\/p>\n","protected":false},"excerpt":{"rendered":"<p>L\u2019\u00e9glise de Xhoris d\u00e9di\u00e9e \u00e0 Saint-Martin date de 1831. Elle pr\u00e9sente un plan peu commun dans la r\u00e9gion dict\u00e9 par le style empire napol\u00e9onien s\u2019inspirant de l\u2019antiquit\u00e9 romaine et de la renaissance italienne. Dans&#46;&#46;&#46;<\/p>\n","protected":false},"author":1,"featured_media":0,"parent":0,"menu_order":0,"comment_status":"closed","ping_status":"closed","template":"","meta":[],"_links":{"self":[{"href":"https:\/\/mjdc.be\/upsf\/wp-json\/wp\/v2\/pages\/38"}],"collection":[{"href":"https:\/\/mjdc.be\/upsf\/wp-json\/wp\/v2\/pages"}],"about":[{"href":"https:\/\/mjdc.be\/upsf\/wp-json\/wp\/v2\/types\/page"}],"author":[{"embeddable":true,"href":"https:\/\/mjdc.be\/upsf\/wp-json\/wp\/v2\/users\/1"}],"replies":[{"embeddable":true,"href":"https:\/\/mjdc.be\/upsf\/wp-json\/wp\/v2\/comments?post=38"}],"version-history":[{"count":4,"href":"https:\/\/mjdc.be\/upsf\/wp-json\/wp\/v2\/pages\/38\/revisions"}],"predecessor-version":[{"id":147,"href":"https:\/\/mjdc.be\/upsf\/wp-json\/wp\/v2\/pages\/38\/revisions\/147"}],"wp:attachment":[{"href":"https:\/\/mjdc.be\/upsf\/wp-json\/wp\/v2\/media?parent=38"}],"curies":[{"name":"wp","href":"https:\/\/api.w.org\/{rel}","templated":true}]}}