{"id":93,"date":"2016-09-26T17:43:43","date_gmt":"2016-09-26T15:43:43","guid":{"rendered":"http:\/\/mjdc.be\/upsf\/?page_id=93"},"modified":"2016-09-26T17:43:43","modified_gmt":"2016-09-26T15:43:43","slug":"lunite-pastorale","status":"publish","type":"page","link":"https:\/\/mjdc.be\/upsf\/lunite-pastorale\/","title":{"rendered":"L&rsquo;unit\u00e9 pastorale"},"content":{"rendered":"<p>Le premier objectif de l\u2019Eglise, quelle que soit sa subdivision (universelle, dioc\u00e9saine, d\u00e9canale ou d\u2019unit\u00e9 pastorale) devrait \u00eatre de faire grandir le Royaume de Dieu\u00a0: d\u00e9couvrir l\u2019amour de Dieu, en vivre et le rayonner autour de nous. C\u2019est le sens de l\u2019Eglise. Cela se traduit par des c\u00e9l\u00e9brations, une vie spirituelle, la formation et la cat\u00e9ch\u00e8se, l\u2019entraide et la solidarit\u00e9 avec les pauvres, une \u00a0\u00bb vie communautaire \u00ab\u00a0.<\/p>\n<p>Tous les organismes ou \u00e9l\u00e9ments sont invit\u00e9s \u00e0 rechercher ces diff\u00e9rents objectifs\u00a0!<\/p>\n<p>Comme tout corps, l\u2019Eglise change, \u00e9volue. Pendant des si\u00e8cles, l\u2019Eglise s\u2019est centr\u00e9e sur les villes et autour des abbayes. Il a fallu saint Lambert, saint Hubert et saint Remacle pour commencer \u00e0 \u00e9vang\u00e9liser nos campagnes. Les paroisses ont surgi alors autour de leur clocher. Les clochers se sont multipli\u00e9s en m\u00eame temps que l\u2019\u00e9vangile se propageait.<\/p>\n<p>Depuis des dizaines d\u2019ann\u00e9es, nous voyons la foi chr\u00e9tienne se confronter \u00e0 la modernit\u00e9. Cela a eu des effets visibles. Les cur\u00e9s ont pris l\u2019habitude de travailler avec les la\u00efcs et entre eux.<br class=\"autobr\" \/>Les secteurs sont apparus (plusieurs cur\u00e9s avec leurs paroisses travaillant en synergie). Ce fut le cas chez nous avec les abb\u00e9s Tribolet et Eubelen et le P\u00e8re Smets.<br class=\"autobr\" \/>Depuis 2002, un nouveau type de fonctionnement, voulu par l\u2019\u00e9v\u00each\u00e9, existe. L\u2019ancien secteur est d\u00e9sormais \u00e0 la charge d\u2019un cur\u00e9 aid\u00e9 par ses confr\u00e8res et diff\u00e9rents groupes de la\u00efcs. C\u2019est ce que l\u2019on appelle l\u2019Unit\u00e9 Pastorale. Nous lui avons donn\u00e9 le nom de \u00ab\u00a0La Sainte Famille\u00a0\u00bb pour illustrer ce souci d\u2019union de membres diff\u00e9rents mais aussi pour souligner la pr\u00e9sence du Christ avec nous.<\/p>\n<p>Ce site veut vous aider \u00e0 mieux vous y retrouver et \u00e0 voir aussi \u00e0 quel point l\u2019 Eglise est vivante et propose de rencontrer le Christ et d\u2019en vivre aujourd\u2019hui.<\/p>\n<p>Notre Unit\u00e9 Pastorale fait partie du dioc\u00e8se de Li\u00e8ge et du doyenn\u00e9 Ourthe-Ambl\u00e8ve-Condroz (O.A.C.) \u2013 50.000 habitants<\/p>\n<p style=\"text-align: center;\">\nNotre \u00e9v\u00eaque\u00a0: Monseigneur Jean-Pierre Delville (au centre) entour\u00e9 par Mgr Aloys Jousten et Mgr Albert Housiaux, ses pr\u00e9d\u00e9cesseurs.<img loading=\"lazy\" class=\" wp-image-96 aligncenter\" src=\"http:\/\/mjdc.be\/upsf\/wp-content\/uploads\/2016\/09\/3eveques-300x198.jpg\" alt=\"3eveques\" width=\"409\" height=\"266\" \/><\/p>\n<p>&nbsp;<\/p>\n<p style=\"text-align: center;\">Notre doyen\u00a0: Mr.l\u2019abb\u00e9 Jean-Pierre Leroy habite \u00e0 Aywaille<img loading=\"lazy\" class=\"wp-image-95 aligncenter\" src=\"http:\/\/mjdc.be\/upsf\/wp-content\/uploads\/2016\/09\/JeanPierreLeroy-d94f1-260x300.jpg\" alt=\"jeanpierreleroy-d94f1\" width=\"203\" height=\"223\" \/><\/p>\n<p style=\"text-align: center;\">Voici une carte de notre doyenn\u00e9<\/p>\n<p style=\"text-align: center;\"><img loading=\"lazy\" class=\"alignnone size-medium wp-image-94\" src=\"http:\/\/mjdc.be\/upsf\/wp-content\/uploads\/2016\/09\/cartedo_oac-300x162.jpg\" alt=\"cartedo_oac\" width=\"300\" height=\"162\" srcset=\"https:\/\/mjdc.be\/upsf\/wp-content\/uploads\/2016\/09\/cartedo_oac-300x162.jpg 300w, https:\/\/mjdc.be\/upsf\/wp-content\/uploads\/2016\/09\/cartedo_oac-768x415.jpg 768w, https:\/\/mjdc.be\/upsf\/wp-content\/uploads\/2016\/09\/cartedo_oac-1024x553.jpg 1024w, https:\/\/mjdc.be\/upsf\/wp-content\/uploads\/2016\/09\/cartedo_oac.jpg 1493w\" sizes=\"(max-width: 300px) 100vw, 300px\" \/><\/p>\n","protected":false},"excerpt":{"rendered":"<p>Le premier objectif de l\u2019Eglise, quelle que soit sa subdivision (universelle, dioc\u00e9saine, d\u00e9canale ou d\u2019unit\u00e9 pastorale) devrait \u00eatre de faire grandir le Royaume de Dieu\u00a0: d\u00e9couvrir l\u2019amour de Dieu, en vivre et le rayonner&#46;&#46;&#46;<\/p>\n","protected":false},"author":1,"featured_media":0,"parent":0,"menu_order":0,"comment_status":"closed","ping_status":"closed","template":"","meta":[],"_links":{"self":[{"href":"https:\/\/mjdc.be\/upsf\/wp-json\/wp\/v2\/pages\/93"}],"collection":[{"href":"https:\/\/mjdc.be\/upsf\/wp-json\/wp\/v2\/pages"}],"about":[{"href":"https:\/\/mjdc.be\/upsf\/wp-json\/wp\/v2\/types\/page"}],"author":[{"embeddable":true,"href":"https:\/\/mjdc.be\/upsf\/wp-json\/wp\/v2\/users\/1"}],"replies":[{"embeddable":true,"href":"https:\/\/mjdc.be\/upsf\/wp-json\/wp\/v2\/comments?post=93"}],"version-history":[{"count":1,"href":"https:\/\/mjdc.be\/upsf\/wp-json\/wp\/v2\/pages\/93\/revisions"}],"predecessor-version":[{"id":97,"href":"https:\/\/mjdc.be\/upsf\/wp-json\/wp\/v2\/pages\/93\/revisions\/97"}],"wp:attachment":[{"href":"https:\/\/mjdc.be\/upsf\/wp-json\/wp\/v2\/media?parent=93"}],"curies":[{"name":"wp","href":"https:\/\/api.w.org\/{rel}","templated":true}]}}